{"id":1021,"date":"2018-09-24T17:57:20","date_gmt":"2018-09-24T16:57:20","guid":{"rendered":"http:\/\/www.chartersat.com\/?page_id=1021"},"modified":"2018-09-24T17:57:27","modified_gmt":"2018-09-24T16:57:27","slug":"cookie-policy","status":"publish","type":"page","link":"https:\/\/www.chartersat.com\/it\/cookie-policy\/","title":{"rendered":"cookie policy"},"content":{"rendered":"<p>1. COSA SONO I COOKIES?<br \/>\nCosa sono i cookies? Un cookie \u00e8 un file che viene scaricato nel tuo pc, tablet, smartphone o altro terminale (di seguito, il \u201cDispositivo\u201d) quando accedi alla nostra pagina web o esegui la nostra applicazione.<\/p>\n<p>I cookies ci permettono di memorizzare e recuperare informazioni sulle tue abitudini di navigazione o sul Dispositivo dal quale accedi in generale in forma anonima e, a seconda delle informazioni che contengono, se sei precedentemente registrato, per riconoscerti come utente o cliente.<\/p>\n<p>Le informazioni che otteniamo si riferiscono al numero delle pagine che visiti, alla lingua, al luogo dal quale accedi, al numero dei nuovi utenti, alla frequenza e ripetitivit\u00e0 delle visite, alla durata della visita, al browser o al Dispositivo tramite il quale ti colleghi o esegui l\u2019applicazione.<\/p>\n<p>2. QUALI COOKIES UTILIZZA QUESTO SITO?<\/p>\n<p>Cookie Tecnici:<\/p>\n<p>I cookie di questo tipo sono necessari per il corretto funzionamento di alcune aree del sito. I cookie di questa categoria comprendono sia cookie persistenti che cookie di sessione:<\/p>\n<p>\u00b7\u00a0\u00a0persistenti: una volta chiuso il browser non vengono distrutti ma rimangono fino ad una data di scadenza preimpostata.<\/p>\n<p>\u00b7\u00a0\u00a0di sessione: vengono distrutti ogni volta che il browser viene chiuso.<\/p>\n<p>Non \u00e8 necessario abilitare i cookies perch\u00e9 il sito funzioni, ma farlo migliora la navigazione. \u00c8 possibile cancellare o bloccare i cookies, per\u00f2 in questo caso alcune funzioni del sito potrebbero non funzionare correttamente.<\/p>\n<p>Elenco dei cookies tecnici utilizzati:<\/p>\n<p>PHPSESSID\u00a0(durata Sessione navigazione)<br \/>\nCookie tecnico utilizzato da PHP per tenere traccia delle sessioni (contiene un identificatore univoco per la tua sessione sul sito web).<br \/>\nCome controllare i cookies?<\/p>\n<p>Puoi controllare e\/o verificare i cookies come vuoi \u2013 per saperne di pi\u00f9, vai su aboutcookies.org. Puoi cancellare i cookies gi\u00e0 presenti nel computer e impostare quasi tutti i browser in modo da bloccarne l\u2019installazione. Se scegli questa opzione, dovrai per\u00f2 modificare manualmente alcune preferenze ogni volta che visiti il sito ed \u00e8 possibile che alcuni servizi o determinate funzioni non siano disponibili.<\/p>\n","protected":false},"excerpt":{"rendered":"<p>1. COSA SONO I COOKIES? Cosa sono i cookies? Un cookie \u00e8 un file che viene scaricato nel tuo pc, tablet, smartphone o altro terminale (di seguito, il \u201cDispositivo\u201d) quando accedi alla nostra pagina web o esegui la nostra applicazione. I cookies ci permettono di memorizzare e recuperare informazioni sulle tue abitudini di navigazione o<a class=\"moretag\" href=\"https:\/\/www.chartersat.com\/it\/cookie-policy\/\"><span class=\"screen-reader-text\">Leggi di pi\u00f9 a riguardocookie policy<\/span>[&#8230;]<\/a><\/p>\n","protected":false},"author":1,"featured_media":0,"parent":0,"menu_order":0,"comment_status":"closed","ping_status":"closed","template":"","meta":{"_themeisle_gutenberg_block_has_review":false},"_links":{"self":[{"href":"https:\/\/www.chartersat.com\/it\/wp-json\/wp\/v2\/pages\/1021\/"}],"collection":[{"href":"https:\/\/www.chartersat.com\/it\/wp-json\/wp\/v2\/pages\/"}],"about":[{"href":"https:\/\/www.chartersat.com\/it\/wp-json\/wp\/v2\/types\/page\/"}],"author":[{"embeddable":true,"href":"https:\/\/www.chartersat.com\/it\/wp-json\/wp\/v2\/users\/1\/"}],"replies":[{"embeddable":true,"href":"https:\/\/www.chartersat.com\/it\/wp-json\/wp\/v2\/comments\/?post=1021"}],"version-history":[{"count":1,"href":"https:\/\/www.chartersat.com\/it\/wp-json\/wp\/v2\/pages\/1021\/revisions\/"}],"predecessor-version":[{"id":1022,"href":"https:\/\/www.chartersat.com\/it\/wp-json\/wp\/v2\/pages\/1021\/revisions\/1022\/"}],"wp:attachment":[{"href":"https:\/\/www.chartersat.com\/it\/wp-json\/wp\/v2\/media\/?parent=1021"}],"curies":[{"name":"wp","href":"https:\/\/api.w.org\/{rel}","templated":true}]}}